{"id":1198,"date":"2023-06-16T10:34:28","date_gmt":"2023-06-16T13:34:28","guid":{"rendered":"https:\/\/rmaterbelem.org.br\/?page_id=1198"},"modified":"2023-06-29T09:57:14","modified_gmt":"2023-06-29T12:57:14","slug":"ultimas-noticias","status":"publish","type":"page","link":"http:\/\/rmaterbelem.org.br\/it\/ultimas-noticias\/","title":{"rendered":"\u00daltimas not\u00edcias"},"content":{"rendered":"\t\t<div data-elementor-type=\"wp-page\" data-elementor-id=\"1198\" class=\"elementor elementor-1198\">\n\t\t\t\t\t\t<section class=\"elementor-section elementor-top-section elementor-element elementor-element-6018893d elementor-section-stretched elementor-section-boxed elementor-section-height-default elementor-section-height-default wpr-particle-no wpr-jarallax-no wpr-parallax-no wpr-sticky-section-no wpr-equal-height-no\" data-id=\"6018893d\" data-element_type=\"section\" data-e-type=\"section\" data-settings=\"{&quot;stretch_section&quot;:&quot;section-stretched&quot;,&quot;background_background&quot;:&quot;classic&quot;}\">\n\t\t\t\t\t\t\t<div class=\"elementor-background-overlay\"><\/div>\n\t\t\t\t\t\t\t<div class=\"elementor-container elementor-column-gap-default\">\n\t\t\t\t\t<div class=\"elementor-column elementor-col-100 elementor-top-column elementor-element elementor-element-2f70f1d1\" data-id=\"2f70f1d1\" data-element_type=\"column\" data-e-type=\"column\">\n\t\t\t<div class=\"elementor-widget-wrap elementor-element-populated\">\n\t\t\t\t\t\t<div class=\"elementor-element elementor-element-4c09ca0 elementor-widget elementor-widget-spacer\" data-id=\"4c09ca0\" data-element_type=\"widget\" data-e-type=\"widget\" data-widget_type=\"spacer.default\">\n\t\t\t\t<div class=\"elementor-widget-container\">\n\t\t\t\t\t\t\t<div class=\"elementor-spacer\">\n\t\t\t<div class=\"elementor-spacer-inner\"><\/div>\n\t\t<\/div>\n\t\t\t\t\t\t<\/div>\n\t\t\t\t<\/div>\n\t\t\t\t<div class=\"elementor-element elementor-element-5b9f5fad elementor-widget elementor-widget-text-editor\" data-id=\"5b9f5fad\" data-element_type=\"widget\" data-e-type=\"widget\" data-widget_type=\"text-editor.default\">\n\t\t\t\t<div class=\"elementor-widget-container\">\n\t\t\t\t\t\t\t\t\t<p>\u00daltimas not\u00edcias do <strong>Semin\u00e1rio Redemptoris Mater &#8211; Bel\u00e9m &#8211; Amaz\u00f4nia<\/strong><\/p>\t\t\t\t\t\t\t\t<\/div>\n\t\t\t\t<\/div>\n\t\t\t\t<div class=\"elementor-element elementor-element-1e8a846 wpr-grid-slider-columns-1 wpr-grid-slider-columns--tablet2 wpr-grid-slider-columns--mobile1 wpr-item-styles-inner elementor-widget elementor-widget-wpr-grid\" data-id=\"1e8a846\" data-element_type=\"widget\" data-e-type=\"widget\" data-settings=\"{&quot;layout_slider_amount&quot;:&quot;1&quot;,&quot;layout_slider_amount_tablet&quot;:2,&quot;layout_slider_amount_mobile&quot;:1,&quot;layout_slides_to_scroll&quot;:1}\" data-widget_type=\"wpr-grid.default\">\n\t\t\t\t<div class=\"elementor-widget-container\">\n\t\t\t\t\t<section class=\"wpr-grid elementor-clearfix\" dir=\"ltr\" data-slick=\"{&quot;rtl&quot;:false,&quot;infinite&quot;:false,&quot;speed&quot;:700,&quot;arrows&quot;:true,&quot;dots&quot;:true,&quot;autoplay&quot;:false,&quot;autoplaySpeed&quot;:1000,&quot;pauseOnHover&quot;:&quot;&quot;,&quot;prevArrow&quot;:&quot;#wpr-grid-slider-prev-1e8a846&quot;,&quot;nextArrow&quot;:&quot;#wpr-grid-slider-next-1e8a846&quot;,&quot;sliderSlidesToScroll&quot;:1,&quot;lightbox&quot;:{&quot;selector&quot;:&quot;article:not(.slick-cloned) .wpr-grid-image-wrap&quot;,&quot;iframeMaxWidth&quot;:&quot;60%&quot;,&quot;hash&quot;:false,&quot;autoplay&quot;:&quot;true&quot;,&quot;pause&quot;:5000,&quot;progressBar&quot;:&quot;true&quot;,&quot;counter&quot;:&quot;true&quot;,&quot;controls&quot;:&quot;true&quot;,&quot;getCaptionFromTitleOrAlt&quot;:&quot;true&quot;,&quot;thumbnail&quot;:&quot;&quot;,&quot;showThumbByDefault&quot;:&quot;&quot;,&quot;share&quot;:&quot;&quot;,&quot;zoom&quot;:&quot;true&quot;,&quot;fullScreen&quot;:&quot;true&quot;,&quot;download&quot;:&quot;true&quot;}}\"><article class=\"wpr-grid-item elementor-clearfix post-2268 post type-post status-publish format-standard has-post-thumbnail hentry category-noticias\"><div class=\"wpr-grid-item-inner\"><div class=\"wpr-grid-media-wrap wpr-effect-size-medium \" data-overlay-link=\"yes\"><div class=\"wpr-grid-image-wrap\" data-src=\"http:\/\/rmaterbelem.org.br\/wp-content\/uploads\/2026\/05\/df1ad9b9-c737-4463-b286-a3cfbe4da733-scaled.webp\" data-img-on-hover=\"\"  data-src-secondary=\"\"><img decoding=\"async\" data-no-lazy=\"1\" src=\"http:\/\/rmaterbelem.org.br\/wp-content\/uploads\/2026\/05\/df1ad9b9-c737-4463-b286-a3cfbe4da733-scaled.webp\" alt=\"Visita do Pe. Samuel\" class=\"wpr-anim-timing-ease-default\"><\/div><div class=\"wpr-grid-media-hover wpr-animation-wrap\"><div class=\"wpr-grid-media-hover-bg  wpr-overlay-fade-in wpr-anim-size-large wpr-anim-timing-ease-default wpr-anim-transparency\" data-url=\"http:\/\/rmaterbelem.org.br\/it\/visita-do-pe-samuel\/\"><\/div><\/div><\/div><div class=\"wpr-grid-item-below-content elementor-clearfix\"><h2 class=\"wpr-grid-item-title elementor-repeater-item-297ed6f wpr-grid-item-display-block wpr-grid-item-align-left wpr-pointer-none wpr-pointer-line-fx wpr-pointer-fx-fade\"><div class=\"inner-block\"><a target=\"_self\"  href=\"http:\/\/rmaterbelem.org.br\/it\/visita-do-pe-samuel\/\">Visita do Pe. Samuel<\/a><\/div><\/h2><div class=\"wpr-grid-item-date elementor-repeater-item-b459d0d wpr-grid-item-display-inline wpr-grid-item-align-left\"><div class=\"inner-block\"><span>25\/04\/2026<span class=\"wpr-grid-extra-text-right\"><\/span><\/span><\/div><\/div><div class=\"wpr-grid-item-excerpt elementor-repeater-item-c45f83f wpr-grid-item-display-block wpr-grid-item-align-left\"><div class=\"inner-block\"><p>Bel\u00e9m (PA), 24 de abril de 2026 Na noite desta sexta-feira, tivemos a alegria de receber em nosso semin\u00e1rio o Pe. Samuel, neopresb\u00edtero da Comunidade Cat\u00f3lica Sementes do Verbo. Ordenado em dezembro do ano passado, ele retornou \u00e0 nossa casa n\u00e3o apenas como sacerdote, mas tamb\u00e9m como antigo companheiro de caminhada de v\u00e1rios de nossos seminaristas. A celebra\u00e7\u00e3o da Eucaristia foi marcada pelo clima fraterno do reencontro. Em sua homilia, inspirada na figura de S\u00e3o Paulo proposta pela liturgia, Pe. Samuel nos convidou a acolher com serenidade a precariedade da vida. Com simplicidade e profundidade, recordou que somos vasos de barro e que \u00e9 justamente no reconhecimento de nossa fragilidade que a gra\u00e7a de Deus se manifesta como verdadeiro sustento...<\/p><\/div><\/div><div class=\"wpr-grid-item-read-more elementor-repeater-item-2daee13 wpr-grid-item-display-block wpr-grid-item-align-left\"><div class=\"inner-block\"><a target=\"_self\" href=\"http:\/\/rmaterbelem.org.br\/it\/visita-do-pe-samuel\/\" class=\"wpr-button-effect wpr-button-none\"><span>Leia mais<\/span><\/a><\/div><\/div><\/div><\/div><\/article><\/section><div class=\"wpr-grid-slider-arrow-container\"><div class=\"wpr-grid-slider-prev-arrow wpr-grid-slider-arrow\" id=\"wpr-grid-slider-prev-1e8a846\"><svg version=\"1.1\" xmlns=\"http:\/\/www.w3.org\/2000\/svg\" xmlns:xlink=\"http:\/\/www.w3.org\/1999\/xlink\" x=\"0px\" y=\"0px\" viewBox=\"0 0 283.4 512\" style=\"enable-background:new 0 0 283.4 512;\" xml:space=\"preserve\"><g><polygon class=\"st0\" points=\"54.5,256.3 283.4,485.1 256.1,512.5 0,256.3 0,256.3 27.2,229 256.1,0 283.4,27.4 \"\/><\/g><\/svg><\/div><div class=\"wpr-grid-slider-next-arrow wpr-grid-slider-arrow\" id=\"wpr-grid-slider-next-1e8a846\"><svg version=\"1.1\" xmlns=\"http:\/\/www.w3.org\/2000\/svg\" xmlns:xlink=\"http:\/\/www.w3.org\/1999\/xlink\" x=\"0px\" y=\"0px\" viewBox=\"0 0 283.4 512\" style=\"enable-background:new 0 0 283.4 512;\" xml:space=\"preserve\"><g><polygon class=\"st0\" points=\"54.5,256.3 283.4,485.1 256.1,512.5 0,256.3 0,256.3 27.2,229 256.1,0 283.4,27.4 \"\/><\/g><\/svg><\/div><\/div><div class=\"wpr-grid-slider-dots\"><\/div>\t\t\t\t<\/div>\n\t\t\t\t<\/div>\n\t\t\t\t<div class=\"elementor-element elementor-element-7b3a0f2 elementor-widget elementor-widget-text-editor\" data-id=\"7b3a0f2\" data-element_type=\"widget\" data-e-type=\"widget\" data-widget_type=\"text-editor.default\">\n\t\t\t\t<div class=\"elementor-widget-container\">\n\t\t\t\t\t\t\t\t\t<p>\u00daltimas not\u00edcias<\/p>\t\t\t\t\t\t\t\t<\/div>\n\t\t\t\t<\/div>\n\t\t\t\t<div class=\"elementor-element elementor-element-4c9da2ab wpr-grid-columns-3 wpr-grid-columns--tablet2 wpr-grid-columns--mobile1 wpr-grid-pagination-center wpr-item-styles-inner elementor-widget elementor-widget-wpr-grid\" data-id=\"4c9da2ab\" data-element_type=\"widget\" data-e-type=\"widget\" data-widget_type=\"wpr-grid.default\">\n\t\t\t\t<div class=\"elementor-widget-container\">\n\t\t\t\t\t<ul class=\"wpr-grid-filters elementor-clearfix wpr-grid-filters-sep-right\"><li class=\" wpr-pointer-none wpr-pointer-line-fx wpr-pointer-fx-none\"><span  data-filter=\"*\" class=\"wpr-grid-filters-item wpr-active-filter \">Todos<\/span><em class=\"wpr-grid-filters-sep\"><\/em><\/li><li class=\" wpr-pointer-none wpr-pointer-line-fx wpr-pointer-fx-none\"><span   data-ajax-filter=[\"category\",\"admissio\"]  data-filter=\".category-admissio\">Admissio<\/span><em class=\"wpr-grid-filters-sep\"><\/em><\/li><li class=\" wpr-pointer-none wpr-pointer-line-fx wpr-pointer-fx-none\"><span   data-ajax-filter=[\"category\",\"eventos\"]  data-filter=\".category-eventos\">Eventos<\/span><em class=\"wpr-grid-filters-sep\"><\/em><\/li><li class=\" wpr-pointer-none wpr-pointer-line-fx wpr-pointer-fx-none\"><span   data-ajax-filter=[\"category\",\"ministerio\"]  data-filter=\".category-ministerio\">Minist\u00e9rio<\/span><em class=\"wpr-grid-filters-sep\"><\/em><\/li><li class=\" wpr-pointer-none wpr-pointer-line-fx wpr-pointer-fx-none\"><span   data-ajax-filter=[\"category\",\"noticias\"]  data-filter=\".category-noticias\">Noticias<\/span><em class=\"wpr-grid-filters-sep\"><\/em><\/li><li class=\" wpr-pointer-none wpr-pointer-line-fx wpr-pointer-fx-none\"><span   data-ajax-filter=[\"category\",\"obras\"]  data-filter=\".category-obras\">Obras<\/span><em class=\"wpr-grid-filters-sep\"><\/em><\/li><li class=\" wpr-pointer-none wpr-pointer-line-fx wpr-pointer-fx-none\"><span   data-ajax-filter=[\"category\",\"sem-categoria\"]  data-filter=\".category-sem-categoria\">Sem categoria<\/span><em class=\"wpr-grid-filters-sep\"><\/em><\/li><li class=\" wpr-pointer-none wpr-pointer-line-fx wpr-pointer-fx-none\"><span   data-ajax-filter=[\"category\",\"visitas\"]  data-filter=\".category-visitas\">Visitas<\/span><em class=\"wpr-grid-filters-sep\"><\/em><\/li><\/ul><section class=\"wpr-grid elementor-clearfix\" data-settings=\"{&quot;layout&quot;:&quot;fitRows&quot;,&quot;stick_last_element_to_bottom&quot;:&quot;&quot;,&quot;columns_desktop&quot;:3,&quot;gutter_hr&quot;:30,&quot;gutter_hr_mobile&quot;:30,&quot;gutter_hr_mobile_extra&quot;:30,&quot;gutter_hr_tablet&quot;:30,&quot;gutter_hr_tablet_extra&quot;:30,&quot;gutter_hr_laptop&quot;:30,&quot;gutter_hr_widescreen&quot;:30,&quot;gutter_vr&quot;:15,&quot;gutter_vr_mobile&quot;:15,&quot;gutter_vr_mobile_extra&quot;:15,&quot;gutter_vr_tablet&quot;:15,&quot;gutter_vr_tablet_extra&quot;:15,&quot;gutter_vr_laptop&quot;:15,&quot;gutter_vr_widescreen&quot;:15,&quot;animation&quot;:&quot;pro-fd&quot;,&quot;animation_duration&quot;:0.3,&quot;animation_delay&quot;:0.1,&quot;deeplinking&quot;:&quot;&quot;,&quot;filters_linkable&quot;:&quot;no&quot;,&quot;filters_default_filter&quot;:&quot;&quot;,&quot;filters_count&quot;:&quot;&quot;,&quot;filters_hide_empty&quot;:&quot;no&quot;,&quot;filters_animation&quot;:&quot;default&quot;,&quot;filters_animation_duration&quot;:0.3,&quot;filters_animation_delay&quot;:0.1,&quot;pagination_type&quot;:&quot;load-more&quot;,&quot;pagination_max_pages&quot;:13,&quot;lightbox&quot;:{&quot;selector&quot;:&quot;.wpr-grid-image-wrap&quot;,&quot;iframeMaxWidth&quot;:&quot;60%&quot;,&quot;hash&quot;:false,&quot;autoplay&quot;:&quot;true&quot;,&quot;pause&quot;:5000,&quot;progressBar&quot;:&quot;true&quot;,&quot;counter&quot;:&quot;true&quot;,&quot;controls&quot;:&quot;true&quot;,&quot;getCaptionFromTitleOrAlt&quot;:&quot;true&quot;,&quot;thumbnail&quot;:&quot;&quot;,&quot;showThumbByDefault&quot;:&quot;&quot;,&quot;share&quot;:&quot;&quot;,&quot;zoom&quot;:&quot;true&quot;,&quot;fullScreen&quot;:&quot;true&quot;,&quot;download&quot;:&quot;true&quot;}}\" data-advanced-filters=\"no\"><article class=\"wpr-grid-item elementor-clearfix post-2268 post type-post status-publish format-standard has-post-thumbnail hentry category-noticias\"><div class=\"wpr-grid-item-inner\"><div class=\"wpr-grid-media-wrap wpr-effect-size-medium \" data-overlay-link=\"yes\"><div class=\"wpr-grid-image-wrap\" data-src=\"http:\/\/rmaterbelem.org.br\/wp-content\/uploads\/2026\/05\/df1ad9b9-c737-4463-b286-a3cfbe4da733-scaled.webp\" data-img-on-hover=\"\"  data-src-secondary=\"\"><img decoding=\"async\" data-no-lazy=\"1\" src=\"http:\/\/rmaterbelem.org.br\/wp-content\/uploads\/2026\/05\/df1ad9b9-c737-4463-b286-a3cfbe4da733-scaled.webp\" alt=\"Visita do Pe. Samuel\" class=\"wpr-anim-timing-ease-default\"><\/div><div class=\"wpr-grid-media-hover wpr-animation-wrap\"><div class=\"wpr-grid-media-hover-bg  wpr-overlay-fade-in wpr-anim-size-large wpr-anim-timing-ease-default wpr-anim-transparency\" data-url=\"http:\/\/rmaterbelem.org.br\/it\/visita-do-pe-samuel\/\"><\/div><\/div><\/div><div class=\"wpr-grid-item-below-content elementor-clearfix\"><h2 class=\"wpr-grid-item-title elementor-repeater-item-ce34cf9 wpr-grid-item-display-block wpr-grid-item-align-left wpr-pointer-none wpr-pointer-line-fx wpr-pointer-fx-fade\"><div class=\"inner-block\"><a target=\"_self\"  href=\"http:\/\/rmaterbelem.org.br\/it\/visita-do-pe-samuel\/\">Visita do Pe. Samuel<\/a><\/div><\/h2><div class=\"wpr-grid-item-date elementor-repeater-item-a3fa006 wpr-grid-item-display-inline wpr-grid-item-align-left\"><div class=\"inner-block\"><span>25\/04\/2026<span class=\"wpr-grid-extra-text-right\"><\/span><\/span><\/div><\/div><div class=\"wpr-grid-item-excerpt elementor-repeater-item-f380d35 wpr-grid-item-display-block wpr-grid-item-align-left\"><div class=\"inner-block\"><p>Bel\u00e9m (PA), 24 de abril de 2026 Na noite desta sexta-feira, tivemos a alegria de receber em nosso semin\u00e1rio o...<\/p><\/div><\/div><div class=\"wpr-grid-item-read-more elementor-repeater-item-7a42d0d wpr-grid-item-display-block wpr-grid-item-align-left\"><div class=\"inner-block\"><a target=\"_self\" href=\"http:\/\/rmaterbelem.org.br\/it\/visita-do-pe-samuel\/\" class=\"wpr-button-effect wpr-button-none\"><span>Leia mais<\/span><\/a><\/div><\/div><\/div><\/div><\/article><article class=\"wpr-grid-item elementor-clearfix post-2188 post type-post status-publish format-standard has-post-thumbnail hentry category-noticias\"><div class=\"wpr-grid-item-inner\"><div class=\"wpr-grid-media-wrap wpr-effect-size-medium \" data-overlay-link=\"yes\"><div class=\"wpr-grid-image-wrap\" data-src=\"http:\/\/rmaterbelem.org.br\/wp-content\/uploads\/2026\/04\/Cartao-de-Pascoa-SRMB-2-7-x-5-in.webp\" data-img-on-hover=\"\"  data-src-secondary=\"\"><img decoding=\"async\" data-no-lazy=\"1\" src=\"http:\/\/rmaterbelem.org.br\/wp-content\/uploads\/2026\/04\/Cartao-de-Pascoa-SRMB-2-7-x-5-in.webp\" alt=\"Cristo Ressuscitou! Aleluia! Aleluia!\" class=\"wpr-anim-timing-ease-default\"><\/div><div class=\"wpr-grid-media-hover wpr-animation-wrap\"><div class=\"wpr-grid-media-hover-bg  wpr-overlay-fade-in wpr-anim-size-large wpr-anim-timing-ease-default wpr-anim-transparency\" data-url=\"http:\/\/rmaterbelem.org.br\/it\/cristo-ressuscitou-aleluia-aleluia\/\"><\/div><\/div><\/div><div class=\"wpr-grid-item-below-content elementor-clearfix\"><h2 class=\"wpr-grid-item-title elementor-repeater-item-ce34cf9 wpr-grid-item-display-block wpr-grid-item-align-left wpr-pointer-none wpr-pointer-line-fx wpr-pointer-fx-fade\"><div class=\"inner-block\"><a target=\"_self\"  href=\"http:\/\/rmaterbelem.org.br\/it\/cristo-ressuscitou-aleluia-aleluia\/\">Cristo Ressuscitou! Aleluia! Aleluia!<\/a><\/div><\/h2><div class=\"wpr-grid-item-date elementor-repeater-item-a3fa006 wpr-grid-item-display-inline wpr-grid-item-align-left\"><div class=\"inner-block\"><span>05\/04\/2026<span class=\"wpr-grid-extra-text-right\"><\/span><\/span><\/div><\/div><div class=\"wpr-grid-item-excerpt elementor-repeater-item-f380d35 wpr-grid-item-display-block wpr-grid-item-align-left\"><div class=\"inner-block\"><p>Bel\u00e9m (PA), 05 de abril de 2026 A morte foi vencida! Nesta P\u00e1scoa de 2026, o Senhor passa em nossas...<\/p><\/div><\/div><div class=\"wpr-grid-item-read-more elementor-repeater-item-7a42d0d wpr-grid-item-display-block wpr-grid-item-align-left\"><div class=\"inner-block\"><a target=\"_self\" href=\"http:\/\/rmaterbelem.org.br\/it\/cristo-ressuscitou-aleluia-aleluia\/\" class=\"wpr-button-effect wpr-button-none\"><span>Leia mais<\/span><\/a><\/div><\/div><\/div><\/div><\/article><article class=\"wpr-grid-item elementor-clearfix post-2278 post type-post status-publish format-standard has-post-thumbnail hentry category-noticias category-sem-categoria\"><div class=\"wpr-grid-item-inner\"><div class=\"wpr-grid-media-wrap wpr-effect-size-medium \" data-overlay-link=\"yes\"><div class=\"wpr-grid-image-wrap\" data-src=\"http:\/\/rmaterbelem.org.br\/wp-content\/uploads\/2026\/05\/2-scaled.webp\" data-img-on-hover=\"\"  data-src-secondary=\"\"><img decoding=\"async\" data-no-lazy=\"1\" src=\"http:\/\/rmaterbelem.org.br\/wp-content\/uploads\/2026\/05\/2-scaled.webp\" alt=\"Quinta-Feira Santa 2026: Celebra\u00e7\u00e3o da Missa do Crisma\" class=\"wpr-anim-timing-ease-default\"><\/div><div class=\"wpr-grid-media-hover wpr-animation-wrap\"><div class=\"wpr-grid-media-hover-bg  wpr-overlay-fade-in wpr-anim-size-large wpr-anim-timing-ease-default wpr-anim-transparency\" data-url=\"http:\/\/rmaterbelem.org.br\/it\/quinta-feira-santa-2026-celebracao-da-missa-do-crisma\/\"><\/div><\/div><\/div><div class=\"wpr-grid-item-below-content elementor-clearfix\"><h2 class=\"wpr-grid-item-title elementor-repeater-item-ce34cf9 wpr-grid-item-display-block wpr-grid-item-align-left wpr-pointer-none wpr-pointer-line-fx wpr-pointer-fx-fade\"><div class=\"inner-block\"><a target=\"_self\"  href=\"http:\/\/rmaterbelem.org.br\/it\/quinta-feira-santa-2026-celebracao-da-missa-do-crisma\/\">Quinta-Feira Santa 2026: Celebra\u00e7\u00e3o da Missa do Crisma<\/a><\/div><\/h2><div class=\"wpr-grid-item-date elementor-repeater-item-a3fa006 wpr-grid-item-display-inline wpr-grid-item-align-left\"><div class=\"inner-block\"><span>03\/04\/2026<span class=\"wpr-grid-extra-text-right\"><\/span><\/span><\/div><\/div><div class=\"wpr-grid-item-excerpt elementor-repeater-item-f380d35 wpr-grid-item-display-block wpr-grid-item-align-left\"><div class=\"inner-block\"><p>Bel\u00e9m (PA), 02 de abril de 2026 Na manh\u00e3 desta Quinta-feira Santa, participamos da Missa do Crisma, celebrada na Catedral...<\/p><\/div><\/div><div class=\"wpr-grid-item-read-more elementor-repeater-item-7a42d0d wpr-grid-item-display-block wpr-grid-item-align-left\"><div class=\"inner-block\"><a target=\"_self\" href=\"http:\/\/rmaterbelem.org.br\/it\/quinta-feira-santa-2026-celebracao-da-missa-do-crisma\/\" class=\"wpr-button-effect wpr-button-none\"><span>Leia mais<\/span><\/a><\/div><\/div><\/div><\/div><\/article><\/section><div class=\"wpr-grid-pagination elementor-clearfix wpr-grid-pagination-load-more\" data-pages=\"13\"><a href=\"http:\/\/rmaterbelem.org.br\/it\/wp-json\/wp\/v2\/pages\/1198\/page\/2\/\" class=\"wpr-load-more-btn\" data-e-disable-page-transition >Carregar mais<\/a><div class=\"wpr-pagination-loading\"><div class=\"wpr-wave\"><div class=\"wpr-rect wpr-rect1\"><\/div><div class=\"wpr-rect wpr-rect2\"><\/div><div class=\"wpr-rect wpr-rect3\"><\/div><div class=\"wpr-rect wpr-rect4\"><\/div><div class=\"wpr-rect wpr-rect5\"><\/div><\/div><\/div><p class=\"wpr-pagination-finish\">Fim do conte\u00fado<\/p><\/div>\t\t\t\t<\/div>\n\t\t\t\t<\/div>\n\t\t\t\t<div class=\"elementor-element elementor-element-68be3adf elementor-widget elementor-widget-spacer\" data-id=\"68be3adf\" data-element_type=\"widget\" data-e-type=\"widget\" data-widget_type=\"spacer.default\">\n\t\t\t\t<div class=\"elementor-widget-container\">\n\t\t\t\t\t\t\t<div class=\"elementor-spacer\">\n\t\t\t<div class=\"elementor-spacer-inner\"><\/div>\n\t\t<\/div>\n\t\t\t\t\t\t<\/div>\n\t\t\t\t<\/div>\n\t\t\t\t\t<\/div>\n\t\t<\/div>\n\t\t\t\t\t<\/div>\n\t\t<\/section>\n\t\t\t\t<\/div>\n\t\t","protected":false},"excerpt":{"rendered":"<p>\u00daltimas not\u00edcias do Semin\u00e1rio Redemptoris Mater &#8211; Bel\u00e9m &#8211; Amaz\u00f4nia ACOLITADO MATEUS RIBEIRO 15\/06\/2023 O Arcebispo de Bel\u00e9m, Dom Alberto Taveira, presidiu\u00a0a solene Eucaristia, na Capela do Semin\u00e1rio, com o rito do minist\u00e9rio do acolitado ao seminarista Mateus Ribeiro. Durante a homilia, Dom Alberto Taveira destacou a import\u00e2ncia do minist\u00e9rio do acolitato na forma\u00e7\u00e3o dos futuros presb\u00edteros, enfatizando a responsabilidade e o privil\u00e9gio de servir ao altar e de [&hellip;]Leia mais \u00daltimas not\u00edcias Todos Noticias Leitorado &#8211; Mateus Ribeiro e Boris 15\/06\/2023 Tivemos a honra de celebrar em nosso Semin\u00e1rio o minist\u00e9rio de leitor de dois de seminaristas, Mateus Ribeiro, de Sales&hellip; Leia mais LEITORADO Seminarista Vagner 15\/06\/2023 Em uma solene cerim\u00f4nia realizada no Semin\u00e1rio Mission\u00e1rio Arquidiocesano Redemptoris Mater de Bel\u00e9m, o Arcebispo da Arquidiocese de Bel\u00e9m, Dom&hellip; Leia mais ADMISSIO AD ORDINES &#8211; Seminarista Boris 15\/06\/2023 Na Par\u00f3quia Jesus Bom Samaritano, localizada na cidade de Bel\u00e9m, uma bela Eucaristia foi presidida por Dom Alberto Taveira, Bispo&hellip; Leia mais Carregar mais Fim do conte\u00fado<\/p>\n","protected":false},"author":2,"featured_media":941,"parent":0,"menu_order":0,"comment_status":"closed","ping_status":"closed","template":"templates\/template-cover.php","meta":{"wp_popup_display_lightbox":0,"wp_popup_suppress":"","wp_popup_trigger":"","wp_popup_trigger_amount":0,"wp_popup_disable_on_mobile":false,"footnotes":""},"class_list":["post-1198","page","type-page","status-publish","has-post-thumbnail","hentry"],"_links":{"self":[{"href":"http:\/\/rmaterbelem.org.br\/it\/wp-json\/wp\/v2\/pages\/1198","targetHints":{"allow":["GET"]}}],"collection":[{"href":"http:\/\/rmaterbelem.org.br\/it\/wp-json\/wp\/v2\/pages"}],"about":[{"href":"http:\/\/rmaterbelem.org.br\/it\/wp-json\/wp\/v2\/types\/page"}],"author":[{"embeddable":true,"href":"http:\/\/rmaterbelem.org.br\/it\/wp-json\/wp\/v2\/users\/2"}],"replies":[{"embeddable":true,"href":"http:\/\/rmaterbelem.org.br\/it\/wp-json\/wp\/v2\/comments?post=1198"}],"version-history":[{"count":119,"href":"http:\/\/rmaterbelem.org.br\/it\/wp-json\/wp\/v2\/pages\/1198\/revisions"}],"predecessor-version":[{"id":2245,"href":"http:\/\/rmaterbelem.org.br\/it\/wp-json\/wp\/v2\/pages\/1198\/revisions\/2245"}],"wp:featuredmedia":[{"embeddable":true,"href":"http:\/\/rmaterbelem.org.br\/it\/wp-json\/wp\/v2\/media\/941"}],"wp:attachment":[{"href":"http:\/\/rmaterbelem.org.br\/it\/wp-json\/wp\/v2\/media?parent=1198"}],"curies":[{"name":"wp","href":"https:\/\/api.w.org\/{rel}","templated":true}]}}