{"id":1436,"date":"2023-07-04T11:09:19","date_gmt":"2023-07-04T14:09:19","guid":{"rendered":"https:\/\/rmaterbelem.org.br\/?page_id=1436"},"modified":"2024-08-09T16:08:02","modified_gmt":"2024-08-09T19:08:02","slug":"cirio-fluvial","status":"publish","type":"page","link":"https:\/\/rmaterbelem.org.br\/it\/cirio-fluvial\/","title":{"rendered":"C\u00edrio Fluvial"},"content":{"rendered":"<div data-elementor-type=\"wp-page\" data-elementor-id=\"1436\" class=\"elementor elementor-1436\">\n\t\t\t\t\t\t<section class=\"elementor-section elementor-top-section elementor-element elementor-element-12dc5c7 elementor-section-stretched elementor-section-boxed elementor-section-height-default elementor-section-height-default wpr-particle-no wpr-jarallax-no wpr-parallax-no wpr-sticky-section-no wpr-equal-height-no\" data-id=\"12dc5c7\" data-element_type=\"section\" data-e-type=\"section\" data-settings=\"{&quot;stretch_section&quot;:&quot;section-stretched&quot;}\">\n\t\t\t\t\t\t<div class=\"elementor-container elementor-column-gap-default\">\n\t\t\t\t\t<div class=\"elementor-column elementor-col-50 elementor-top-column elementor-element elementor-element-5b336778\" data-id=\"5b336778\" data-element_type=\"column\" data-e-type=\"column\">\n\t\t\t<div class=\"elementor-widget-wrap elementor-element-populated\">\n\t\t\t\t\t\t<div class=\"elementor-element elementor-element-5d366099 elementor-widget elementor-widget-text-editor\" data-id=\"5d366099\" data-element_type=\"widget\" data-e-type=\"widget\" data-widget_type=\"text-editor.default\">\n\t\t\t\t<div class=\"elementor-widget-container\">\n\t\t\t\t\t\t\t\t\t<p>\ud83d\udea2 <strong>C\u00cdRIO FLUVIAL 2024<\/strong>\u00a0\u26f4<\/p><p>O Semin\u00e1rio Mission\u00e1rio Arquidiocesano Redemptoris Mater de Bel\u00e9m, tem a alegria de convida-lo(a) para o tradicional C\u00edrio Fluvial, no dia 12 de outubro de 2024.<\/p><p>A Romaria Fluvial \u00e9 um dos momentos mais bonitos da festividade nazarena, quando os barcos navegam pelas \u00e1guas da Ba\u00eda do Guajar\u00e1 prestando homenagens a Virgem de Nazar\u00e9. O C\u00edrio do Semin\u00e1rio tem o objetivo de arrecadar fundos para auxiliar na forma\u00e7\u00e3o de presb\u00edteros para a Arquidiocese de Bel\u00e9m e Amaz\u00f4nia.<\/p><p>Ao longo da Romaria, teremos a Santa Missa e m\u00fasica a bordo. O ingresso acompanha camisa personalizada, caf\u00e9 da manh\u00e3 e sorteios de brindes. O embarque ser\u00e1 \u00e0s 6:30h da manh\u00e3, no porto Amazonas (Avenida Bernardo Say\u00e3o, 4620, Guam\u00e1).<\/p><p><strong>Pre\u00e7o do ingresso:<\/strong> R$ 270,00<br \/>(Dividido at\u00e9 3x no cart\u00e3o \/ Temos pre\u00e7os especiais para pagamentos \u00e0 vista e para grupos)<\/p><p><strong>Oferecemos:<\/strong><br \/>&#8211; Missa a bordo<br \/>&#8211; Camisa personalizada<br \/>&#8211; Caf\u00e9 da manh\u00e3<br \/>&#8211; Atra\u00e7\u00f5es musicais<br \/>&#8211; Anima\u00e7\u00e3o do minist\u00e9rio de m\u00fasica Exaltando o Senhor<br \/>&#8211; Sorteio de Brindes<br \/>&#8211; Venda de Lanche e Comida Regional<\/p><p>Embarque dia 12\/10\/2024, \u00e0s 06h<br \/>Porto AMAZONAS<br \/>Av. Bernardo Say\u00e3o, n\u00ba 4620, Guam\u00e1,<br \/>(em frente \u00e0 Usina da Paz Guam\u00e1)<\/p><p><strong>Informa\u00e7\u00f5es:<\/strong><br \/>(91) 99146-5196<br \/>(91) 99116-4751<br \/>(91) 3014-3030<\/p>\t\t\t\t\t\t\t\t<\/div>\n\t\t\t\t<\/div>\n\t\t\t\t\t<\/div>\n\t\t<\/div>\n\t\t\t\t<div class=\"elementor-column elementor-col-50 elementor-top-column elementor-element elementor-element-99c9614\" data-id=\"99c9614\" data-element_type=\"column\" data-e-type=\"column\">\n\t\t\t<div class=\"elementor-widget-wrap elementor-element-populated\">\n\t\t\t\t\t\t<div class=\"elementor-element elementor-element-c9154c0 elementor-widget elementor-widget-image\" data-id=\"c9154c0\" data-element_type=\"widget\" data-e-type=\"widget\" data-widget_type=\"image.default\">\n\t\t\t\t<div class=\"elementor-widget-container\">\n\t\t\t\t\t\t\t\t\t\t\t\t\t\t\t<img fetchpriority=\"high\" decoding=\"async\" width=\"580\" height=\"820\" src=\"https:\/\/rmaterbelem.org.br\/wp-content\/uploads\/2024\/08\/cartaz-cirio-2024-724x1024.jpg\" class=\"attachment-large size-large wp-image-1701\" alt=\"\" srcset=\"https:\/\/rmaterbelem.org.br\/wp-content\/uploads\/2024\/08\/cartaz-cirio-2024-724x1024.jpg 724w, https:\/\/rmaterbelem.org.br\/wp-content\/uploads\/2024\/08\/cartaz-cirio-2024-212x300.jpg 212w, https:\/\/rmaterbelem.org.br\/wp-content\/uploads\/2024\/08\/cartaz-cirio-2024-768x1086.jpg 768w, https:\/\/rmaterbelem.org.br\/wp-content\/uploads\/2024\/08\/cartaz-cirio-2024-1086x1536.jpg 1086w, https:\/\/rmaterbelem.org.br\/wp-content\/uploads\/2024\/08\/cartaz-cirio-2024-8x12.jpg 8w, https:\/\/rmaterbelem.org.br\/wp-content\/uploads\/2024\/08\/cartaz-cirio-2024.jpg 1131w\" sizes=\"(max-width: 580px) 100vw, 580px\" \/>\t\t\t\t\t\t\t\t\t\t\t\t\t\t\t<\/div>\n\t\t\t\t<\/div>\n\t\t\t\t\t<\/div>\n\t\t<\/div>\n\t\t\t\t\t<\/div>\n\t\t<\/section>\n\t\t\t\t<\/div>","protected":false},"excerpt":{"rendered":"<p>\ud83d\udea2 C\u00cdRIO FLUVIAL 2024\u00a0\u26f4 O Semin\u00e1rio Mission\u00e1rio Arquidiocesano Redemptoris Mater de Bel\u00e9m, tem a alegria de convida-lo(a) para o tradicional C\u00edrio Fluvial, no dia 12 de outubro de 2024. A Romaria Fluvial \u00e9 um dos momentos mais bonitos da festividade nazarena, quando os barcos navegam pelas \u00e1guas da Ba\u00eda do Guajar\u00e1 prestando homenagens a Virgem de Nazar\u00e9. O C\u00edrio do Semin\u00e1rio tem o objetivo de arrecadar fundos para auxiliar na forma\u00e7\u00e3o de presb\u00edteros para a Arquidiocese de Bel\u00e9m e Amaz\u00f4nia. Ao longo da Romaria, teremos a Santa Missa e m\u00fasica a bordo. O ingresso acompanha camisa personalizada, caf\u00e9 da manh\u00e3 e sorteios de brindes. O embarque ser\u00e1 \u00e0s 6:30h da manh\u00e3, no porto Amazonas (Avenida Bernardo Say\u00e3o, 4620, Guam\u00e1). Pre\u00e7o do ingresso: R$ 270,00(Dividido at\u00e9 3x no cart\u00e3o \/ Temos pre\u00e7os especiais para pagamentos \u00e0 vista e para grupos) Oferecemos:&#8211; Missa a bordo&#8211; Camisa personalizada&#8211; Caf\u00e9 da manh\u00e3&#8211; Atra\u00e7\u00f5es musicais&#8211; Anima\u00e7\u00e3o do minist\u00e9rio de m\u00fasica Exaltando o Senhor&#8211; Sorteio de Brindes&#8211; Venda de Lanche e Comida Regional Embarque dia 12\/10\/2024, \u00e0s 06hPorto AMAZONASAv. Bernardo Say\u00e3o, n\u00ba 4620, Guam\u00e1,(em frente \u00e0 Usina da Paz Guam\u00e1) Informa\u00e7\u00f5es:(91) 99146-5196(91) 99116-4751(91) 3014-3030<\/p>","protected":false},"author":2,"featured_media":1312,"parent":0,"menu_order":0,"comment_status":"closed","ping_status":"closed","template":"templates\/template-cover.php","meta":{"wp_popup_display_lightbox":0,"wp_popup_suppress":"","wp_popup_trigger":"","wp_popup_trigger_amount":0,"wp_popup_disable_on_mobile":false,"footnotes":""},"class_list":["post-1436","page","type-page","status-publish","has-post-thumbnail","hentry"],"_links":{"self":[{"href":"https:\/\/rmaterbelem.org.br\/it\/wp-json\/wp\/v2\/pages\/1436","targetHints":{"allow":["GET"]}}],"collection":[{"href":"https:\/\/rmaterbelem.org.br\/it\/wp-json\/wp\/v2\/pages"}],"about":[{"href":"https:\/\/rmaterbelem.org.br\/it\/wp-json\/wp\/v2\/types\/page"}],"author":[{"embeddable":true,"href":"https:\/\/rmaterbelem.org.br\/it\/wp-json\/wp\/v2\/users\/2"}],"replies":[{"embeddable":true,"href":"https:\/\/rmaterbelem.org.br\/it\/wp-json\/wp\/v2\/comments?post=1436"}],"version-history":[{"count":19,"href":"https:\/\/rmaterbelem.org.br\/it\/wp-json\/wp\/v2\/pages\/1436\/revisions"}],"predecessor-version":[{"id":1707,"href":"https:\/\/rmaterbelem.org.br\/it\/wp-json\/wp\/v2\/pages\/1436\/revisions\/1707"}],"wp:featuredmedia":[{"embeddable":true,"href":"https:\/\/rmaterbelem.org.br\/it\/wp-json\/wp\/v2\/media\/1312"}],"wp:attachment":[{"href":"https:\/\/rmaterbelem.org.br\/it\/wp-json\/wp\/v2\/media?parent=1436"}],"curies":[{"name":"wp","href":"https:\/\/api.w.org\/{rel}","templated":true}]}}