{"id":48,"date":"2023-01-02T13:01:12","date_gmt":"2023-01-02T16:01:12","guid":{"rendered":"https:\/\/rmaterbelem.org.br\/?page_id=48"},"modified":"2025-04-11T14:31:45","modified_gmt":"2025-04-11T17:31:45","slug":"ajude-nos","status":"publish","type":"page","link":"https:\/\/rmaterbelem.org.br\/it\/ajude-nos\/","title":{"rendered":"Aiutateci"},"content":{"rendered":"<div data-elementor-type=\"wp-page\" data-elementor-id=\"48\" class=\"elementor elementor-48\">\n\t\t\t\t\t\t<section class=\"elementor-section elementor-top-section elementor-element elementor-element-3f1ed8f elementor-section-stretched elementor-section-boxed elementor-section-height-default elementor-section-height-default wpr-particle-no wpr-jarallax-no wpr-parallax-no wpr-sticky-section-no wpr-equal-height-no\" data-id=\"3f1ed8f\" data-element_type=\"section\" data-e-type=\"section\" data-settings=\"{&quot;stretch_section&quot;:&quot;section-stretched&quot;}\">\n\t\t\t\t\t\t<div class=\"elementor-container elementor-column-gap-default\">\n\t\t\t\t\t<div class=\"elementor-column elementor-col-100 elementor-top-column elementor-element elementor-element-fb66e95\" data-id=\"fb66e95\" data-element_type=\"column\" data-e-type=\"column\">\n\t\t\t<div class=\"elementor-widget-wrap elementor-element-populated\">\n\t\t\t\t\t\t<div class=\"elementor-element elementor-element-43c2b80 elementor-widget elementor-widget-heading\" data-id=\"43c2b80\" data-element_type=\"widget\" data-e-type=\"widget\" data-widget_type=\"heading.default\">\n\t\t\t\t<div class=\"elementor-widget-container\">\n\t\t\t\t\t<h3 class=\"elementor-heading-title elementor-size-default\"><strong>Dep\u00f3sito banc\u00e1rio<\/strong><\/h3>\t\t\t\t<\/div>\n\t\t\t\t<\/div>\n\t\t\t\t\t<\/div>\n\t\t<\/div>\n\t\t\t\t\t<\/div>\n\t\t<\/section>\n\t\t\t\t<section class=\"elementor-section elementor-top-section elementor-element elementor-element-7c78cdaa elementor-section-stretched elementor-section-boxed elementor-section-height-default elementor-section-height-default wpr-particle-no wpr-jarallax-no wpr-parallax-no wpr-sticky-section-no wpr-equal-height-no\" data-id=\"7c78cdaa\" data-element_type=\"section\" data-e-type=\"section\" data-settings=\"{&quot;stretch_section&quot;:&quot;section-stretched&quot;}\">\n\t\t\t\t\t\t<div class=\"elementor-container elementor-column-gap-default\">\n\t\t\t\t\t<div class=\"elementor-column elementor-col-50 elementor-top-column elementor-element elementor-element-22b75b5f\" data-id=\"22b75b5f\" data-element_type=\"column\" data-e-type=\"column\">\n\t\t\t<div class=\"elementor-widget-wrap elementor-element-populated\">\n\t\t\t\t\t\t<div class=\"elementor-element elementor-element-097236c elementor-widget elementor-widget-image\" data-id=\"097236c\" data-element_type=\"widget\" data-e-type=\"widget\" data-widget_type=\"image.default\">\n\t\t\t\t<div class=\"elementor-widget-container\">\n\t\t\t\t\t\t\t\t\t\t\t\t\t\t\t<img decoding=\"async\" width=\"186\" height=\"32\" src=\"https:\/\/rmaterbelem.org.br\/wp-content\/uploads\/2023\/03\/bb.png\" class=\"attachment-large size-large wp-image-750\" alt=\"\" srcset=\"https:\/\/rmaterbelem.org.br\/wp-content\/uploads\/2023\/03\/bb.png 186w, https:\/\/rmaterbelem.org.br\/wp-content\/uploads\/2023\/03\/bb-18x3.png 18w\" sizes=\"(max-width: 186px) 100vw, 186px\" \/>\t\t\t\t\t\t\t\t\t\t\t\t\t\t\t<\/div>\n\t\t\t\t<\/div>\n\t\t\t\t<div class=\"elementor-element elementor-element-2c8ffcd4 elementor-widget elementor-widget-text-editor\" data-id=\"2c8ffcd4\" data-element_type=\"widget\" data-e-type=\"widget\" data-widget_type=\"text-editor.default\">\n\t\t\t\t<div class=\"elementor-widget-container\">\n\t\t\t\t\t\t\t\t\t\n<div><strong>Banco do brasil<\/strong> <br \/>Ag\u00eancia: 1436-2<\/div>\n<div>Conta corrente: 2352-3<\/div>\n<div>Pix com CNPJ: 223506900001-41 ou e-mail: <a href=\"mailto:rmaterbelem@gmail.com\" target=\"_blank\" rel=\"noopener\">rmaterbelem@gmail.com<\/a>\u00a0\u00a0<\/div>\n\t\t\t\t\t\t\t\t<\/div>\n\t\t\t\t<\/div>\n\t\t\t\t<div class=\"elementor-element elementor-element-d59ca47 elementor-widget elementor-widget-spacer\" data-id=\"d59ca47\" data-element_type=\"widget\" data-e-type=\"widget\" data-widget_type=\"spacer.default\">\n\t\t\t\t<div class=\"elementor-widget-container\">\n\t\t\t\t\t\t\t<div class=\"elementor-spacer\">\n\t\t\t<div class=\"elementor-spacer-inner\"><\/div>\n\t\t<\/div>\n\t\t\t\t\t\t<\/div>\n\t\t\t\t<\/div>\n\t\t\t\t<div class=\"elementor-element elementor-element-9ed238e elementor-widget elementor-widget-image\" data-id=\"9ed238e\" data-element_type=\"widget\" data-e-type=\"widget\" data-widget_type=\"image.default\">\n\t\t\t\t<div class=\"elementor-widget-container\">\n\t\t\t\t\t\t\t\t\t\t\t\t\t\t\t<img decoding=\"async\" width=\"59\" height=\"58\" src=\"https:\/\/rmaterbelem.org.br\/wp-content\/uploads\/2023\/03\/itau.png\" class=\"attachment-large size-large wp-image-753\" alt=\"\" srcset=\"https:\/\/rmaterbelem.org.br\/wp-content\/uploads\/2023\/03\/itau.png 59w, https:\/\/rmaterbelem.org.br\/wp-content\/uploads\/2023\/03\/itau-12x12.png 12w\" sizes=\"(max-width: 59px) 100vw, 59px\" \/>\t\t\t\t\t\t\t\t\t\t\t\t\t\t\t<\/div>\n\t\t\t\t<\/div>\n\t\t\t\t<div class=\"elementor-element elementor-element-7ff267c elementor-widget elementor-widget-text-editor\" data-id=\"7ff267c\" data-element_type=\"widget\" data-e-type=\"widget\" data-widget_type=\"text-editor.default\">\n\t\t\t\t<div class=\"elementor-widget-container\">\n\t\t\t\t\t\t\t\t\t\n<div><strong>Banco Ita\u00fa<\/strong><\/div>\n<div>Ag\u00eancia: 1135<\/div>\n<div>Conta corrente: 38295-8 <br \/>pix: <br \/>e-mail: <a href=\"mailto:srmbeladm@gmail.com\" target=\"_blank\" rel=\"noopener\">srmbeladm@gmail.com<\/a><\/div>\n\t\t\t\t\t\t\t\t<\/div>\n\t\t\t\t<\/div>\n\t\t\t\t<div class=\"elementor-element elementor-element-7bef6de elementor-widget elementor-widget-spacer\" data-id=\"7bef6de\" data-element_type=\"widget\" data-e-type=\"widget\" data-widget_type=\"spacer.default\">\n\t\t\t\t<div class=\"elementor-widget-container\">\n\t\t\t\t\t\t\t<div class=\"elementor-spacer\">\n\t\t\t<div class=\"elementor-spacer-inner\"><\/div>\n\t\t<\/div>\n\t\t\t\t\t\t<\/div>\n\t\t\t\t<\/div>\n\t\t\t\t<div class=\"elementor-element elementor-element-ba99f87 elementor-widget elementor-widget-image\" data-id=\"ba99f87\" data-element_type=\"widget\" data-e-type=\"widget\" data-widget_type=\"image.default\">\n\t\t\t\t<div class=\"elementor-widget-container\">\n\t\t\t\t\t\t\t\t\t\t\t\t\t\t\t<img decoding=\"async\" width=\"183\" height=\"46\" src=\"https:\/\/rmaterbelem.org.br\/wp-content\/uploads\/2023\/03\/pag-seguro.png\" class=\"attachment-large size-large wp-image-754\" alt=\"\" srcset=\"https:\/\/rmaterbelem.org.br\/wp-content\/uploads\/2023\/03\/pag-seguro.png 183w, https:\/\/rmaterbelem.org.br\/wp-content\/uploads\/2023\/03\/pag-seguro-18x5.png 18w\" sizes=\"(max-width: 183px) 100vw, 183px\" \/>\t\t\t\t\t\t\t\t\t\t\t\t\t\t\t<\/div>\n\t\t\t\t<\/div>\n\t\t\t\t<div class=\"elementor-element elementor-element-3fc8a80 elementor-widget elementor-widget-text-editor\" data-id=\"3fc8a80\" data-element_type=\"widget\" data-e-type=\"widget\" data-widget_type=\"text-editor.default\">\n\t\t\t\t<div class=\"elementor-widget-container\">\n\t\t\t\t\t\t\t\t\t\n<div><strong>Banco pagseguro 290 (Pagbank)<\/strong><\/div>\n<div>Ag\u00eancia: 0001<\/div>\n<div>Conta corrente: 039 431 43-2<\/div>\n<div>pix: e-mail: <a href=\"mailto:contato@rmaterbelem.org.br\" target=\"_blank\" rel=\"noopener\">contato@rmaterbelem.org.br<\/a> ou Cel: (91) 98301-8167<\/div>\n<div>\u00a0<\/div>\n\t\t\t\t\t\t\t\t<\/div>\n\t\t\t\t<\/div>\n\t\t\t\t<div class=\"elementor-element elementor-element-6ca4f34 elementor-widget elementor-widget-spacer\" data-id=\"6ca4f34\" data-element_type=\"widget\" data-e-type=\"widget\" data-widget_type=\"spacer.default\">\n\t\t\t\t<div class=\"elementor-widget-container\">\n\t\t\t\t\t\t\t<div class=\"elementor-spacer\">\n\t\t\t<div class=\"elementor-spacer-inner\"><\/div>\n\t\t<\/div>\n\t\t\t\t\t\t<\/div>\n\t\t\t\t<\/div>\n\t\t\t\t\t<\/div>\n\t\t<\/div>\n\t\t\t\t<div class=\"elementor-column elementor-col-50 elementor-top-column elementor-element elementor-element-3273876\" data-id=\"3273876\" data-element_type=\"column\" data-e-type=\"column\">\n\t\t\t<div class=\"elementor-widget-wrap elementor-element-populated\">\n\t\t\t\t\t\t<div class=\"elementor-element elementor-element-f61940f elementor-widget elementor-widget-image\" data-id=\"f61940f\" data-element_type=\"widget\" data-e-type=\"widget\" data-widget_type=\"image.default\">\n\t\t\t\t<div class=\"elementor-widget-container\">\n\t\t\t\t\t\t\t\t\t\t\t\t\t\t\t<img loading=\"lazy\" decoding=\"async\" width=\"300\" height=\"300\" src=\"https:\/\/rmaterbelem.org.br\/wp-content\/uploads\/2025\/04\/Imagem-do-WhatsApp-de-2025-04-11-as-14.19.57_965efbe9-300x300.jpg\" class=\"attachment-medium size-medium wp-image-1869\" alt=\"\" srcset=\"https:\/\/rmaterbelem.org.br\/wp-content\/uploads\/2025\/04\/Imagem-do-WhatsApp-de-2025-04-11-as-14.19.57_965efbe9-300x300.jpg 300w, https:\/\/rmaterbelem.org.br\/wp-content\/uploads\/2025\/04\/Imagem-do-WhatsApp-de-2025-04-11-as-14.19.57_965efbe9-150x150.jpg 150w, https:\/\/rmaterbelem.org.br\/wp-content\/uploads\/2025\/04\/Imagem-do-WhatsApp-de-2025-04-11-as-14.19.57_965efbe9-768x768.jpg 768w, https:\/\/rmaterbelem.org.br\/wp-content\/uploads\/2025\/04\/Imagem-do-WhatsApp-de-2025-04-11-as-14.19.57_965efbe9-12x12.jpg 12w, https:\/\/rmaterbelem.org.br\/wp-content\/uploads\/2025\/04\/Imagem-do-WhatsApp-de-2025-04-11-as-14.19.57_965efbe9.jpg 1000w\" sizes=\"(max-width: 300px) 100vw, 300px\" \/>\t\t\t\t\t\t\t\t\t\t\t\t\t\t\t<\/div>\n\t\t\t\t<\/div>\n\t\t\t\t<div class=\"elementor-element elementor-element-ebeaba1 elementor-widget elementor-widget-text-editor\" data-id=\"ebeaba1\" data-element_type=\"widget\" data-e-type=\"widget\" data-widget_type=\"text-editor.default\">\n\t\t\t\t<div class=\"elementor-widget-container\">\n\t\t\t\t\t\t\t\t\t<p style=\"text-align: center;\"><strong>Escaneie o QR Code e contribua com o semin\u00e1rio que forma mission\u00e1rios para o mundo inteiro.<\/strong><\/p>\n<div>\n<p class=\"\" style=\"text-align: center;\" data-start=\"285\" data-end=\"365\">Cada doa\u00e7\u00e3o com qualquer valor \u00e9 um passo a mais na miss\u00e3o evangelizadora.<\/p>\n<p class=\"\" style=\"text-align: center;\" data-start=\"285\" data-end=\"365\"><strong data-start=\"343\" data-end=\"365\">Contamos com voc\u00ea!<\/strong><\/p>\n<\/div>\n<div>\u00a0<\/div>\n<p><\/p>\t\t\t\t\t\t\t\t<\/div>\n\t\t\t\t<\/div>\n\t\t\t\t<div class=\"elementor-element elementor-element-058d209 elementor-widget elementor-widget-spacer\" data-id=\"058d209\" data-element_type=\"widget\" data-e-type=\"widget\" data-widget_type=\"spacer.default\">\n\t\t\t\t<div class=\"elementor-widget-container\">\n\t\t\t\t\t\t\t<div class=\"elementor-spacer\">\n\t\t\t<div class=\"elementor-spacer-inner\"><\/div>\n\t\t<\/div>\n\t\t\t\t\t\t<\/div>\n\t\t\t\t<\/div>\n\t\t\t\t<div class=\"elementor-element elementor-element-72a7904 elementor-widget elementor-widget-spacer\" data-id=\"72a7904\" data-element_type=\"widget\" data-e-type=\"widget\" data-widget_type=\"spacer.default\">\n\t\t\t\t<div class=\"elementor-widget-container\">\n\t\t\t\t\t\t\t<div class=\"elementor-spacer\">\n\t\t\t<div class=\"elementor-spacer-inner\"><\/div>\n\t\t<\/div>\n\t\t\t\t\t\t<\/div>\n\t\t\t\t<\/div>\n\t\t\t\t<div class=\"elementor-element elementor-element-752bca2 elementor-widget elementor-widget-spacer\" data-id=\"752bca2\" data-element_type=\"widget\" data-e-type=\"widget\" data-widget_type=\"spacer.default\">\n\t\t\t\t<div class=\"elementor-widget-container\">\n\t\t\t\t\t\t\t<div class=\"elementor-spacer\">\n\t\t\t<div class=\"elementor-spacer-inner\"><\/div>\n\t\t<\/div>\n\t\t\t\t\t\t<\/div>\n\t\t\t\t<\/div>\n\t\t\t\t\t<\/div>\n\t\t<\/div>\n\t\t\t\t\t<\/div>\n\t\t<\/section>\n\t\t\t\t<section class=\"elementor-section elementor-top-section elementor-element elementor-element-37bba19 elementor-section-stretched elementor-section-boxed elementor-section-height-default elementor-section-height-default wpr-particle-no wpr-jarallax-no wpr-parallax-no wpr-sticky-section-no wpr-equal-height-no\" data-id=\"37bba19\" data-element_type=\"section\" data-e-type=\"section\" data-settings=\"{&quot;stretch_section&quot;:&quot;section-stretched&quot;,&quot;background_background&quot;:&quot;classic&quot;}\">\n\t\t\t\t\t\t<div class=\"elementor-container elementor-column-gap-default\">\n\t\t\t\t\t<div class=\"elementor-column elementor-col-100 elementor-top-column elementor-element elementor-element-e64dea1\" data-id=\"e64dea1\" data-element_type=\"column\" data-e-type=\"column\">\n\t\t\t<div class=\"elementor-widget-wrap elementor-element-populated\">\n\t\t\t\t\t\t<div class=\"elementor-element elementor-element-7f35f7c elementor-widget elementor-widget-heading\" data-id=\"7f35f7c\" data-element_type=\"widget\" data-e-type=\"widget\" data-widget_type=\"heading.default\">\n\t\t\t\t<div class=\"elementor-widget-container\">\n\t\t\t\t\t<h2 class=\"elementor-heading-title elementor-size-default\">Outras formas de ajuda<\/h2>\t\t\t\t<\/div>\n\t\t\t\t<\/div>\n\t\t\t\t<div class=\"elementor-element elementor-element-fdb99f6 elementor-widget elementor-widget-heading\" data-id=\"fdb99f6\" data-element_type=\"widget\" data-e-type=\"widget\" data-widget_type=\"heading.default\">\n\t\t\t\t<div class=\"elementor-widget-container\">\n\t\t\t\t\t<p class=\"elementor-heading-title elementor-size-default\"><strong>Aiutate attraverso bollettini bancari e donazioni di vari beni:<\/strong> cibo, materiale igienico, vestiti, materiale scolastico, ecc.\n<br \/><br \/>\n<strong>Indirizzo:<\/strong> Avenida Joaquim Pereira de Queiroz, n 675 Bairro Canutama Benevides-PA; CEP: 68795-000<\/p>\t\t\t\t<\/div>\n\t\t\t\t<\/div>\n\t\t\t\t<div class=\"elementor-element elementor-element-361c8af elementor-widget elementor-widget-spacer\" data-id=\"361c8af\" data-element_type=\"widget\" data-e-type=\"widget\" data-widget_type=\"spacer.default\">\n\t\t\t\t<div class=\"elementor-widget-container\">\n\t\t\t\t\t\t\t<div class=\"elementor-spacer\">\n\t\t\t<div class=\"elementor-spacer-inner\"><\/div>\n\t\t<\/div>\n\t\t\t\t\t\t<\/div>\n\t\t\t\t<\/div>\n\t\t\t\t<div class=\"elementor-element elementor-element-36974c2 elementor-widget elementor-widget-button\" data-id=\"36974c2\" data-element_type=\"widget\" data-e-type=\"widget\" data-widget_type=\"button.default\">\n\t\t\t\t<div class=\"elementor-widget-container\">\n\t\t\t\t\t\t\t\t\t<div class=\"elementor-button-wrapper\">\n\t\t\t\t\t<a class=\"elementor-button elementor-button-link elementor-size-sm\" href=\"https:\/\/goo.gl\/maps\/xUzaJWSEv1SWNifo7\" target=\"_blank\">\n\t\t\t\t\t\t<span class=\"elementor-button-content-wrapper\">\n\t\t\t\t\t\t<span class=\"elementor-button-icon\">\n\t\t\t\t<i aria-hidden=\"true\" class=\"fas fa-map-marker-alt\"><\/i>\t\t\t<\/span>\n\t\t\t\t\t\t\t\t\t<span class=\"elementor-button-text\">Clique aqui para visualizar no mapa<\/span>\n\t\t\t\t\t<\/span>\n\t\t\t\t\t<\/a>\n\t\t\t\t<\/div>\n\t\t\t\t\t\t\t\t<\/div>\n\t\t\t\t<\/div>\n\t\t\t\t\t<\/div>\n\t\t<\/div>\n\t\t\t\t\t<\/div>\n\t\t<\/section>\n\t\t\t\t<\/div>","protected":false},"excerpt":{"rendered":"<p>Dep\u00f3sito banc\u00e1rio Banco do brasil Ag\u00eancia: 1436-2 Conta corrente: 2352-3 Pix com CNPJ: 223506900001-41 ou e-mail: rmaterbelem@gmail.com\u00a0\u00a0 Banco Ita\u00fa Ag\u00eancia: 1135 Conta corrente: 38295-8 pix: e-mail: srmbeladm@gmail.com Banco pagseguro 290 (Pagbank) Ag\u00eancia: 0001 Conta corrente: 039 431 43-2 pix: e-mail: contato@rmaterbelem.org.br ou Cel: (91) 98301-8167 \u00a0 Escaneie o QR Code e contribua com o semin\u00e1rio que forma mission\u00e1rios para o mundo inteiro. Cada doa\u00e7\u00e3o com qualquer valor \u00e9 um passo a mais na miss\u00e3o evangelizadora. Contamos com voc\u00ea! \u00a0 Outras formas de ajuda Ajudas por boletos banc\u00e1rios e doa\u00e7\u00f5es de g\u00eaneros diversos: alimentos, mantimentos de higiene, roupas, material escolar e etc. Endere\u00e7o: Avenida Joaquim Pereira de Queiroz, n 675 Bairro Canutama Benevides-PA; CEP: 68795-000 Clique aqui para visualizar no mapa<\/p>","protected":false},"author":1,"featured_media":264,"parent":0,"menu_order":0,"comment_status":"closed","ping_status":"closed","template":"templates\/template-cover.php","meta":{"wp_popup_display_lightbox":0,"wp_popup_suppress":"","wp_popup_trigger":"","wp_popup_trigger_amount":0,"wp_popup_disable_on_mobile":false,"footnotes":""},"class_list":["post-48","page","type-page","status-publish","has-post-thumbnail","hentry"],"_links":{"self":[{"href":"https:\/\/rmaterbelem.org.br\/it\/wp-json\/wp\/v2\/pages\/48","targetHints":{"allow":["GET"]}}],"collection":[{"href":"https:\/\/rmaterbelem.org.br\/it\/wp-json\/wp\/v2\/pages"}],"about":[{"href":"https:\/\/rmaterbelem.org.br\/it\/wp-json\/wp\/v2\/types\/page"}],"author":[{"embeddable":true,"href":"https:\/\/rmaterbelem.org.br\/it\/wp-json\/wp\/v2\/users\/1"}],"replies":[{"embeddable":true,"href":"https:\/\/rmaterbelem.org.br\/it\/wp-json\/wp\/v2\/comments?post=48"}],"version-history":[{"count":77,"href":"https:\/\/rmaterbelem.org.br\/it\/wp-json\/wp\/v2\/pages\/48\/revisions"}],"predecessor-version":[{"id":1878,"href":"https:\/\/rmaterbelem.org.br\/it\/wp-json\/wp\/v2\/pages\/48\/revisions\/1878"}],"wp:featuredmedia":[{"embeddable":true,"href":"https:\/\/rmaterbelem.org.br\/it\/wp-json\/wp\/v2\/media\/264"}],"wp:attachment":[{"href":"https:\/\/rmaterbelem.org.br\/it\/wp-json\/wp\/v2\/media?parent=48"}],"curies":[{"name":"wp","href":"https:\/\/api.w.org\/{rel}","templated":true}]}}